{"id":405,"date":"2013-11-28T18:10:40","date_gmt":"2013-11-28T18:10:40","guid":{"rendered":"http:\/\/www.verdichtet.at\/?page_id=405"},"modified":"2025-05-02T07:03:27","modified_gmt":"2025-05-02T07:03:27","slug":"kategorien","status":"publish","type":"page","link":"https:\/\/www.verdichtet.at\/?page_id=405","title":{"rendered":"Kategorien"},"content":{"rendered":"<div class=\"pdfprnt-buttons pdfprnt-buttons-page pdfprnt-top-right\"><a href=\"https:\/\/www.verdichtet.at\/index.php?rest_route=wpv2pages405&print=pdf\" class=\"pdfprnt-button pdfprnt-button-pdf\" target=\"_blank\"><\/a><a href=\"https:\/\/www.verdichtet.at\/index.php?rest_route=wpv2pages405&print=print\" class=\"pdfprnt-button pdfprnt-button-print\" target=\"_blank\"><\/a><\/div><p><a href=\"http:\/\/www.verdichtet.at\/?page_id=5678\">about<\/a> Stellen Sie uns\/sich eine Pers\u00f6nlichkeit vor!<\/p>\n<p><a href=\"http:\/\/www.verdichtet.at\/?page_id=972\">\u00e4rgstens<\/a> Wenn es irgendwie grauslich, arg und brutal zugeht \u2026<\/p>\n<p><a href=\"http:\/\/www.verdichtet.at\/?page_id=408\">an Tagen wie diesen &#8230;<\/a> Ja, wer kennt sie nicht.<\/p>\n<p><a href=\"http:\/\/www.verdichtet.at\/?page_id=3365\">anno<\/a> Damals war alles besser?<\/p>\n<p><a href=\"http:\/\/www.verdichtet.at\/?page_id=412\">auszugsweise<\/a> Zum Gustomachen: Einblicke in B\u00fccher<\/p>\n<p><a href=\"http:\/\/www.verdichtet.at\/?page_id=414\">dada &amp; gaga<\/a> Einfach und vielf\u00e4ltig verr\u00fcckt<\/p>\n<p><a href=\"http:\/\/www.verdichtet.at\/?page_id=2020\">drah di ned um &#8230;<\/a> Krimiartiges und R\u00e4tselhaftes<\/p>\n<p><a href=\"http:\/\/www.verdichtet.at\/?page_id=416\">es menschelt<\/a> Auch da wird es zum Wundern.<\/p>\n<p><a href=\"http:\/\/www.verdichtet.at\/?page_id=3714\">fantastiques<\/a> Sci-Fi, Fantasy, &#8230;<\/p>\n<p><a href=\"http:\/\/www.verdichtet.at\/?page_id=7360\">fest feiern<\/a> Was f\u00fcr Partytiger<\/p>\n<p><a href=\"http:\/\/www.verdichtet.at\/?page_id=418\">hardly secret diary<\/a> Gedanken, Betrachtungen, Innenansichten<\/p>\n<p><a href=\"http:\/\/www.verdichtet.at\/?page_id=420\">hin &amp; weg<\/a> Von Reisen und Ausrei\u00dfern<\/p>\n<p><a href=\"http:\/\/www.verdichtet.at\/?page_id=422\">Kleinode \u2013 nicht nur an die Freude<\/a> Feines in aller K\u00fcrze<\/p>\n<p><a href=\"http:\/\/www.verdichtet.at\/?page_id=2563\">kunst amoi schau&#8217;n<\/a> Kulturvermittlung einmal anders<\/p>\n<p><a href=\"http:\/\/www.verdichtet.at\/?page_id=3102\">Lesebissen<\/a> Kulinarisches at its best<\/p>\n<p><a href=\"http:\/\/www.verdichtet.at\/?page_id=14487\">let it grow<\/a> Vegetabiles und anderes Wachstum<\/p>\n<p><a href=\"https:\/\/www.verdichtet.at\/?page_id=16131\">m\u00f6bliert:<\/a> Was sind Sesselgedichte?<\/p>\n<p><a href=\"http:\/\/www.verdichtet.at\/?page_id=5450\">Perfidee<\/a> Fiese St\u00fccke<\/p>\n<p><a href=\"http:\/\/www.verdichtet.at\/?page_id=3081\">\u00bfQu\u00e9 ser\u00e1, ser\u00e1?<\/a> Ihr Blick in die Glaskugel<\/p>\n<p><a href=\"http:\/\/www.verdichtet.at\/?page_id=426\">schr\u00e4g &amp; abgedreht<\/a> Eine Auszeit von der Realit\u00e4t gef\u00e4llig?<\/p>\n<p><a href=\"http:\/\/www.verdichtet.at\/?page_id=2528\">spazierensehen<\/a> Es schweift der Blick.<\/p>\n<p><a href=\"http:\/\/www.verdichtet.at\/?page_id=1490\">s\u00fcffig<\/a> Prost!<\/p>\n<p><a href=\"http:\/\/www.verdichtet.at\/?page_id=428\">think it over<\/a> Powernahrung f\u00fcrs Gehirn<\/p>\n<p><a href=\"http:\/\/www.verdichtet.at\/?page_id=910\">unerH\u00d6RT!<\/a> Vertontes und Unm\u00f6gliches<\/p>\n<p><a href=\"http:\/\/www.verdichtet.at\/?page_id=430\">\u00fc18<\/a> Mehr was f\u00fcr Erwachsene: Erotik, Sex, \u2026<\/p>\n<p><a href=\"http:\/\/www.verdichtet.at\/?page_id=403\">verliebt verlobt verboten<\/a> Liebesgeschichten und Beziehungssachen<\/p>\n<p><a href=\"http:\/\/www.verdichtet.at\/?page_id=7515\">Von M\u00fccke zu Elefant<\/a> Allerlei Getier<\/p>\n<p><a href=\"http:\/\/www.verdichtet.at\/?page_id=432\">Vorhang auf f\u00fcr den Nachwuchs<\/a> Junge Talente stellen sich vor.<\/p>\n<p><a href=\"https:\/\/www.verdichtet.at\/?page_id=15365\">Wortbild:<\/a> Der Text als Kunstwerk<\/p>\n<p><a href=\"http:\/\/www.verdichtet.at\/?page_id=4535\">Wortglauberei<\/a> Hier ist die Sprache selbst im Fokus.<\/p>\n","protected":false},"excerpt":{"rendered":"<p>about Stellen Sie uns\/sich eine Pers\u00f6nlichkeit vor! \u00e4rgstens Wenn es irgendwie grauslich, arg und brutal zugeht \u2026 an Tagen wie diesen &#8230; Ja, wer kennt sie nicht. anno Damals war alles besser? auszugsweise Zum Gustomachen: Einblicke in B\u00fccher dada &amp; gaga Einfach und vielf\u00e4ltig verr\u00fcckt drah di ned um &#8230; Krimiartiges und R\u00e4tselhaftes es menschelt [&hellip;]<\/p>\n","protected":false},"author":4,"featured_media":0,"parent":0,"menu_order":0,"comment_status":"open","ping_status":"open","template":"","meta":{"footnotes":""},"class_list":["post-405","page","type-page","status-publish","hentry"],"_links":{"self":[{"href":"https:\/\/www.verdichtet.at\/index.php?rest_route=\/wp\/v2\/pages\/405","targetHints":{"allow":["GET"]}}],"collection":[{"href":"https:\/\/www.verdichtet.at\/index.php?rest_route=\/wp\/v2\/pages"}],"about":[{"href":"https:\/\/www.verdichtet.at\/index.php?rest_route=\/wp\/v2\/types\/page"}],"author":[{"embeddable":true,"href":"https:\/\/www.verdichtet.at\/index.php?rest_route=\/wp\/v2\/users\/4"}],"replies":[{"embeddable":true,"href":"https:\/\/www.verdichtet.at\/index.php?rest_route=%2Fwp%2Fv2%2Fcomments&post=405"}],"version-history":[{"count":4,"href":"https:\/\/www.verdichtet.at\/index.php?rest_route=\/wp\/v2\/pages\/405\/revisions"}],"predecessor-version":[{"id":19984,"href":"https:\/\/www.verdichtet.at\/index.php?rest_route=\/wp\/v2\/pages\/405\/revisions\/19984"}],"wp:attachment":[{"href":"https:\/\/www.verdichtet.at\/index.php?rest_route=%2Fwp%2Fv2%2Fmedia&parent=405"}],"curies":[{"name":"wp","href":"https:\/\/api.w.org\/{rel}","templated":true}]}}