{"id":2,"date":"2013-10-03T07:23:22","date_gmt":"2013-10-03T07:23:22","guid":{"rendered":"http:\/\/www.verdichtet.at\/?page_id=2"},"modified":"2013-11-28T18:52:35","modified_gmt":"2013-11-28T18:52:35","slug":"sample-page","status":"publish","type":"page","link":"https:\/\/www.verdichtet.at\/?page_id=2","title":{"rendered":"Impressum"},"content":{"rendered":"<div class=\"pdfprnt-buttons pdfprnt-buttons-page pdfprnt-top-right\"><a href=\"https:\/\/www.verdichtet.at\/index.php?rest_route=wpv2pages2&print=pdf\" class=\"pdfprnt-button pdfprnt-button-pdf\" target=\"_blank\"><\/a><a href=\"https:\/\/www.verdichtet.at\/index.php?rest_route=wpv2pages2&print=print\" class=\"pdfprnt-button pdfprnt-button-print\" target=\"_blank\"><\/a><\/div><p>Redaktion und inhaltliche Verantwortung:<br \/>\n<strong>Carmen Rosina<\/strong>, 4240 Freistadt<br \/>\n<strong>Michaela Swoboda<\/strong>, 4212 Neumarkt i.M.<br \/>\n<a href=\"mailto:redaktion@verdichtet.at\">redaktion@verdichtet.at<\/a><\/p>\n<p>Die durch die Seitenbetreiberinnen erstellten Inhalte und Werke auf diesen Seiten unterliegen dem Urheberrecht. Beitr\u00e4ge Dritter sind als solche gekennzeichnet. Die Vervielf\u00e4ltigung, Bearbeitung, Verbreitung und jede Art der Verwertung au\u00dferhalb der Grenzen des Urheberrechtes bed\u00fcrfen der schriftlichen Zustimmung der jeweiligen AutorInnen. Downloads und Kopien dieser Seite sind nur f\u00fcr den privaten, nicht f\u00fcr kommerziellen Gebrauch gestattet.<\/p>\n<p>Haftungsausschluss: Die Zusammenstellung der Informationen auf dieser Website wurde von der Redaktion mit gr\u00f6\u00dftm\u00f6glicher Sorgfalt vorgenommen. Dennoch kann keinerlei Gew\u00e4hr f\u00fcr Aktualit\u00e4t, Korrektheit, Vollst\u00e4ndigkeit oder Qualit\u00e4t der bereitgestellten Informationen und Daten \u00fcbernommen werden. Haftungsanspr\u00fcche gegen die Redaktion oder die AutorInnen dieser Website f\u00fcr Sch\u00e4den jeglicher Art, die auf fehlerhaften oder unvollst\u00e4ndigen Informationen und Daten beruhen, sind ausgeschlossen. F\u00fcr die Inhalte aller Links, die zu Seiten au\u00dferhalb des Verantwortungsbereiches von verdichtet.at f\u00fchren, kann ebenfalls keine Haftung \u00fcbernommen werden.<\/p>\n","protected":false},"excerpt":{"rendered":"<p>Redaktion und inhaltliche Verantwortung: Carmen Rosina, 4240 Freistadt Michaela Swoboda, 4212 Neumarkt i.M. redaktion@verdichtet.at Die durch die Seitenbetreiberinnen erstellten Inhalte und Werke auf diesen Seiten unterliegen dem Urheberrecht. Beitr\u00e4ge Dritter sind als solche gekennzeichnet. Die Vervielf\u00e4ltigung, Bearbeitung, Verbreitung und jede Art der Verwertung au\u00dferhalb der Grenzen des Urheberrechtes bed\u00fcrfen der schriftlichen Zustimmung der jeweiligen AutorInnen. [&hellip;]<\/p>\n","protected":false},"author":4,"featured_media":0,"parent":0,"menu_order":9,"comment_status":"closed","ping_status":"open","template":"","meta":{"footnotes":""},"class_list":["post-2","page","type-page","status-publish","hentry"],"_links":{"self":[{"href":"https:\/\/www.verdichtet.at\/index.php?rest_route=\/wp\/v2\/pages\/2","targetHints":{"allow":["GET"]}}],"collection":[{"href":"https:\/\/www.verdichtet.at\/index.php?rest_route=\/wp\/v2\/pages"}],"about":[{"href":"https:\/\/www.verdichtet.at\/index.php?rest_route=\/wp\/v2\/types\/page"}],"author":[{"embeddable":true,"href":"https:\/\/www.verdichtet.at\/index.php?rest_route=\/wp\/v2\/users\/4"}],"replies":[{"embeddable":true,"href":"https:\/\/www.verdichtet.at\/index.php?rest_route=%2Fwp%2Fv2%2Fcomments&post=2"}],"version-history":[{"count":8,"href":"https:\/\/www.verdichtet.at\/index.php?rest_route=\/wp\/v2\/pages\/2\/revisions"}],"predecessor-version":[{"id":68,"href":"https:\/\/www.verdichtet.at\/index.php?rest_route=\/wp\/v2\/pages\/2\/revisions\/68"}],"wp:attachment":[{"href":"https:\/\/www.verdichtet.at\/index.php?rest_route=%2Fwp%2Fv2%2Fmedia&parent=2"}],"curies":[{"name":"wp","href":"https:\/\/api.w.org\/{rel}","templated":true}]}}