{"id":7360,"date":"2017-12-10T14:17:39","date_gmt":"2017-12-10T14:17:39","guid":{"rendered":"http:\/\/www.verdichtet.at\/?page_id=7360"},"modified":"2017-12-10T14:19:12","modified_gmt":"2017-12-10T14:19:12","slug":"fest-feiern","status":"publish","type":"page","link":"http:\/\/www.verdichtet.at\/?page_id=7360","title":{"rendered":"fest feiern"},"content":{"rendered":"<div class=\"pdfprnt-buttons pdfprnt-buttons-page pdfprnt-top-right\"><a href=\"http:\/\/www.verdichtet.at\/index.php?rest_route=wpv2pages7360&print=pdf\" class=\"pdfprnt-button pdfprnt-button-pdf\" target=\"_blank\"><\/a><a href=\"http:\/\/www.verdichtet.at\/index.php?rest_route=wpv2pages7360&print=print\" class=\"pdfprnt-button pdfprnt-button-print\" target=\"_blank\"><\/a><\/div>\n\n<div class=\"su-posts su-posts-default-loop \">\n\n\t\n\t\t\t\t\t\n\t\t\t\n\t\t\t<div id=\"su-post-21917\" class=\"su-post \">\n\n\t\t\t\t\n\t\t\t\t<h2 class=\"su-post-title\"><a href=\"http:\/\/www.verdichtet.at\/?p=21917\">max, der Bauherr \u2013 Endlich fertig<\/a><\/h2>\n\n\t\t\t\t<div class=\"su-post-meta\">\n\t\t\t\t\tVer\u00f6ffentlicht: 22. Januar 2026\t\t\t\t<\/div>\n\n\t\t\t\t<div class=\"su-post-excerpt\">\n\t\t\t\t\t<p>Aus der Wiener H\u00e4uslbauer-Serie max, der Bauherr, hatte es geschafft: Das Haus war fertig!!! Endlose Jahre der Grundst\u00fcckssuche, der W\u00fcrgerei mit den Kreditraten, der Planung und des m\u00fchsamen Stein-auf-Stein-Legens lagen hinter ihm. Gebaut hatte er gr\u00f6\u00dftenteils selbst, mit \u201eerweiterter Nachbarschaftshilfe\u201c \u2013 und nat\u00fcrlich mit Hilfe von Verwandten und Freunden, denn jeder, der ihm am Wochenende [&hellip;]<\/p>\n\t\t\t\t<\/div>\n\n\t\t\t\t\t\t\t\t\t<a href=\"http:\/\/www.verdichtet.at\/?p=21917#comments\" class=\"su-post-comments-link\">2 comments<\/a>\n\t\t\t\t\n\t\t\t<\/div>\n\n\t\t\t\t\t\n\t\t\t\n\t\t\t<div id=\"su-post-21436\" class=\"su-post \">\n\n\t\t\t\t\n\t\t\t\t<h2 class=\"su-post-title\"><a href=\"http:\/\/www.verdichtet.at\/?p=21436\">Das Wunder im Verborgenen<\/a><\/h2>\n\n\t\t\t\t<div class=\"su-post-meta\">\n\t\t\t\t\tVer\u00f6ffentlicht: 25. November 2025\t\t\t\t<\/div>\n\n\t\t\t\t<div class=\"su-post-excerpt\">\n\t\t\t\t\t<p>Das Holz stark verwittert,zwei \u00c4ste vom Dach herunterh\u00e4ngend,und fast, Gott sei Dank nicht ganz,die zwei stehenden Figuren ber\u00fchrend.Ich wei\u00df, wer ihr seid.Ich wei\u00df, wer da in eurer Mitte liegt \u2013in einer grob gezimmerten, vom Unkrautbeinah \u00fcberwucherten Krippe;auch wenn die anderen Radfahrer, Fu\u00dfg\u00e4nger,E-Scooter-Sauser achtlos an euch vor\u00fcbereilen. In einem Monat werden sie vielleicht,in neue M\u00e4ntel geh\u00fcllt,in [&hellip;]<\/p>\n\t\t\t\t<\/div>\n\n\t\t\t\t\t\t\t\t\t<a href=\"http:\/\/www.verdichtet.at\/?p=21436#respond\" class=\"su-post-comments-link\">0 Kommentare<\/a>\n\t\t\t\t\n\t\t\t<\/div>\n\n\t\t\t\t\t\n\t\t\t\n\t\t\t<div id=\"su-post-20213\" class=\"su-post \">\n\n\t\t\t\t\n\t\t\t\t<h2 class=\"su-post-title\"><a href=\"http:\/\/www.verdichtet.at\/?p=20213\">Am Katzentischerl<\/a><\/h2>\n\n\t\t\t\t<div class=\"su-post-meta\">\n\t\t\t\t\tVer\u00f6ffentlicht: 14. Juni 2025\t\t\t\t<\/div>\n\n\t\t\t\t<div class=\"su-post-excerpt\">\n\t\t\t\t\t<p>Eigentlich ist es eine Herabsetzung, am entlegenen kleinen Tisch zu sitzen \u2013 man wei\u00df ja schon aus der Bibel, dass an der Tafel strenge Rangordnungen bestehen und eisern eingehalten werden. Wie vieler \u00dcberlegungen bedarf es oft, bei gro\u00dfen Feiern alle G\u00e4ste zufriedenstellend und sozial vertr\u00e4glich zu platzieren. Und trotz aller Sorgfalt passiert es immer einmal, [&hellip;]<\/p>\n\t\t\t\t<\/div>\n\n\t\t\t\t\t\t\t\t\t<a href=\"http:\/\/www.verdichtet.at\/?p=20213#comments\" class=\"su-post-comments-link\">Ein Kommentar<\/a>\n\t\t\t\t\n\t\t\t<\/div>\n\n\t\t\t\t\t\n\t\t\t\n\t\t\t<div id=\"su-post-20045\" class=\"su-post \">\n\n\t\t\t\t\n\t\t\t\t<h2 class=\"su-post-title\"><a href=\"http:\/\/www.verdichtet.at\/?p=20045\">Christas Comeback<\/a><\/h2>\n\n\t\t\t\t<div class=\"su-post-meta\">\n\t\t\t\t\tVer\u00f6ffentlicht: 14. Mai 2025\t\t\t\t<\/div>\n\n\t\t\t\t<div class=\"su-post-excerpt\">\n\t\t\t\t\t<p>Redaktioneller Hinweis an alle, die (chronologische) Ordnung lieben: Dieses Comeback hat eine Vorgeschichte. &nbsp; Einleitung Guten Abend und willkommen. Oder besser gesagt: willkommen zur\u00fcck. Wir erinnern uns an Weihnachten vor drei Jahren &#8230; Damals waren wir Teil einer ganz besonderen Selbsthilfegruppe \u00a0\u2013 f\u00fcr benachteiligte Weihnachtsdekorationen. Vielleicht haben Sie noch Christas Stimme im Ohr: drall, prall [&hellip;]<\/p>\n\t\t\t\t<\/div>\n\n\t\t\t\t\t\t\t\t\t<a href=\"http:\/\/www.verdichtet.at\/?p=20045#respond\" class=\"su-post-comments-link\">0 Kommentare<\/a>\n\t\t\t\t\n\t\t\t<\/div>\n\n\t\t\t\t\t\n\t\t\t\n\t\t\t<div id=\"su-post-17002\" class=\"su-post \">\n\n\t\t\t\t\n\t\t\t\t<h2 class=\"su-post-title\"><a href=\"http:\/\/www.verdichtet.at\/?p=17002\">Christas letztes Spotlight: Aus dem Leben einer depressiven Christbaumkugel<\/a><\/h2>\n\n\t\t\t\t<div class=\"su-post-meta\">\n\t\t\t\t\tVer\u00f6ffentlicht: 10. November 2023\t\t\t\t<\/div>\n\n\t\t\t\t<div class=\"su-post-excerpt\">\n\t\t\t\t\t<p>Gruppenleitung: \u201eSch\u00f6nen guten Abend und herzlich willkommen in unserer Selbsthilfegruppe f\u00fcr benachteiligte Weihnachtsdekorationen. Bitte h\u00f6ren Sie aufmerksam zu und wichtig: Bitte werten Sie nicht. Auch das geringste Anliegen hat ein Recht darauf, geh\u00f6rt zu werden \u2026\u201c Christa: \u201eHallo, mein Name ist Christa und als Christbaumkugel f\u00fchle ich mich massiv benachteiligt. Jahr f\u00fcr Jahr erlebe ich [&hellip;]<\/p>\n\t\t\t\t<\/div>\n\n\t\t\t\t\t\t\t\t\t<a href=\"http:\/\/www.verdichtet.at\/?p=17002#respond\" class=\"su-post-comments-link\">0 Kommentare<\/a>\n\t\t\t\t\n\t\t\t<\/div>\n\n\t\t\t\t\t\n\t\t\t\n\t\t\t<div id=\"su-post-19545\" class=\"su-post \">\n\n\t\t\t\t\n\t\t\t\t<h2 class=\"su-post-title\"><a href=\"http:\/\/www.verdichtet.at\/?p=19545\">Weihnachten \u2013 eine kritische Auseinandersetzung<\/a><\/h2>\n\n\t\t\t\t<div class=\"su-post-meta\">\n\t\t\t\t\tVer\u00f6ffentlicht: 3. Februar 2025\t\t\t\t<\/div>\n\n\t\t\t\t<div class=\"su-post-excerpt\">\n\t\t\t\t\t<p>Prolog Weihnachten ist eine Zeit des Miteinanders, eine Zeit des Innehaltens und der reflexiven Auseinandersetzung mit dem vergangenen Jahr. Eine Zeit, in der wir uns vor Augen f\u00fchren, dass Geschehnisse zu Jahresbeginn r\u00fcckblickend vielleicht doch Sinn ergaben, und eine Zeit, in der Dankbarkeit und Freude \u2013 sowie ein gewisser Zauber \u2013 in und um uns [&hellip;]<\/p>\n\t\t\t\t<\/div>\n\n\t\t\t\t\t\t\t\t\t<a href=\"http:\/\/www.verdichtet.at\/?p=19545#comments\" class=\"su-post-comments-link\">Ein Kommentar<\/a>\n\t\t\t\t\n\t\t\t<\/div>\n\n\t\t\t\t\t\n\t\t\t\n\t\t\t<div id=\"su-post-19243\" class=\"su-post \">\n\n\t\t\t\t\n\t\t\t\t<h2 class=\"su-post-title\"><a href=\"http:\/\/www.verdichtet.at\/?p=19243\">Weihnacht<\/a><\/h2>\n\n\t\t\t\t<div class=\"su-post-meta\">\n\t\t\t\t\tVer\u00f6ffentlicht: 18. Dezember 2024\t\t\t\t<\/div>\n\n\t\t\t\t<div class=\"su-post-excerpt\">\n\t\t\t\t\t<p>In dieser Zeit funkelnder Besinnlichkeit, da der Zauber der Nacht den Himmel noch schw\u00e4rzer macht, und in der Weite dunkelnder Unendlichkeit kaltherzig und glasklar dir die Endlichkeit entgegenlacht, ist die innere Einkehr elementar. Und als Komplement\u00e4r zur F\u00fclle die Stille eine sch\u00fctzende H\u00fclle. H\u00f6rst du das leise Knistern in der Luft, das geheimnisumwobene Wispern? Das [&hellip;]<\/p>\n\t\t\t\t<\/div>\n\n\t\t\t\t\t\t\t\t\t<a href=\"http:\/\/www.verdichtet.at\/?p=19243#comments\" class=\"su-post-comments-link\">4 comments<\/a>\n\t\t\t\t\n\t\t\t<\/div>\n\n\t\t\t\t\t\n\t\t\t\n\t\t\t<div id=\"su-post-18988\" class=\"su-post \">\n\n\t\t\t\t\n\t\t\t\t<h2 class=\"su-post-title\"><a href=\"http:\/\/www.verdichtet.at\/?p=18988\">Mit Freundinnen zur Auszeit<\/a><\/h2>\n\n\t\t\t\t<div class=\"su-post-meta\">\n\t\t\t\t\tVer\u00f6ffentlicht: 2. November 2024\t\t\t\t<\/div>\n\n\t\t\t\t<div class=\"su-post-excerpt\">\n\t\t\t\t\t<p>Vor \u00fcber zwanzig Jahren hatten die Ehem\u00e4nner, meiner eingeschlossen, unseres Freundinnenquartetts eine herausragende Idee: Uns wurde ein gemeinsames Wochenende \u201eWellnessen\u201c geschenkt. Frauen, die etwas in die Jahre kommen, wo die Kinder aus dem Gr\u00f6bsten raus sind und die mal auf \u201eRunderneuerung\u201c fahren wollen, freuen sich nat\u00fcrlich sehr \u00fcber diese noble Geste. Knapp \u00fcber drei\u00dfigj\u00e4hrig waren [&hellip;]<\/p>\n\t\t\t\t<\/div>\n\n\t\t\t\t\t\t\t\t\t<a href=\"http:\/\/www.verdichtet.at\/?p=18988#comments\" class=\"su-post-comments-link\">Ein Kommentar<\/a>\n\t\t\t\t\n\t\t\t<\/div>\n\n\t\t\t\t\t\n\t\t\t\n\t\t\t<div id=\"su-post-18745\" class=\"su-post \">\n\n\t\t\t\t\n\t\t\t\t<h2 class=\"su-post-title\"><a href=\"http:\/\/www.verdichtet.at\/?p=18745\">Bezaubernd einfach<\/a><\/h2>\n\n\t\t\t\t<div class=\"su-post-meta\">\n\t\t\t\t\tVer\u00f6ffentlicht: 4. Oktober 2024\t\t\t\t<\/div>\n\n\t\t\t\t<div class=\"su-post-excerpt\">\n\t\t\t\t\t<p>Zauberer, Magier, Illusionist, Taschenspielertrickser, B\u00e4llchen unter den H\u00fctchen Verschieber. Angespannt warten, genau hinsehen, investigativ, weite \u00c4rmel, \u201eaha, so k\u00f6nnte es gehen\u201c, Erwartungshaltung, das Taschentuch wird zur Taube aus dem Zylinder, und doch staunen, \u201eaahh\u201c, macht die Menge. Die Eltern freuen sich, dass ihre Kinder lachen, Mann n\u00fctzt die Gelegenheit, legt Frau die Hand an ihre [&hellip;]<\/p>\n\t\t\t\t<\/div>\n\n\t\t\t\t\t\t\t\t\t<a href=\"http:\/\/www.verdichtet.at\/?p=18745#respond\" class=\"su-post-comments-link\">0 Kommentare<\/a>\n\t\t\t\t\n\t\t\t<\/div>\n\n\t\t\t\t\t\n\t\t\t\n\t\t\t<div id=\"su-post-10448\" class=\"su-post \">\n\n\t\t\t\t\n\t\t\t\t<h2 class=\"su-post-title\"><a href=\"http:\/\/www.verdichtet.at\/?p=10448\">It\u2019s pretty nice, my dear!<\/a><\/h2>\n\n\t\t\t\t<div class=\"su-post-meta\">\n\t\t\t\t\tVer\u00f6ffentlicht: 2. November 2019\t\t\t\t<\/div>\n\n\t\t\t\t<div class=\"su-post-excerpt\">\n\t\t\t\t\t<p>Barfu\u00df ist sie ins Haus geschneit und hat mit ihren fliegenden Schritten eine frische Brise mitgebracht. Tina aus dem Hause Eisenknappl von und zu Arresting, wo auch immer das genau liegen mag. Eine Perle in der niederbayrischen Landschaft bist du. Oh Arresting, deine Namensbestandteile \u201ea Rest\u201c und das furchteinfl\u00f6\u00dfende \u201eArrest\u201c haben damit gar nichts zu [&hellip;]<\/p>\n\t\t\t\t<\/div>\n\n\t\t\t\t\t\t\t\t\t<a href=\"http:\/\/www.verdichtet.at\/?p=10448#comments\" class=\"su-post-comments-link\">Ein Kommentar<\/a>\n\t\t\t\t\n\t\t\t<\/div>\n\n\t\t\t\t\t\n\t\t\t\n\t\t\t<div id=\"su-post-17900\" class=\"su-post \">\n\n\t\t\t\t\n\t\t\t\t<h2 class=\"su-post-title\"><a href=\"http:\/\/www.verdichtet.at\/?p=17900\">max, der Bauherr \u2013 Auf Rosen gebettet<\/a><\/h2>\n\n\t\t\t\t<div class=\"su-post-meta\">\n\t\t\t\t\tVer\u00f6ffentlicht: 11. April 2024\t\t\t\t<\/div>\n\n\t\t\t\t<div class=\"su-post-excerpt\">\n\t\t\t\t\t<p>Aus der Wiener H\u00e4uslbauer-Serie max, der Bauherr, hatte wieder einmal kein Geld. Das war an sich der Normalzustand, denn gegen Ende der Rohbauphase geht allen H\u00e4uslbauern das Geld aus und der langj\u00e4hrige finanzielle Seiltanz ohne Netz beginnt. Tats\u00e4chlich hatte sich max bereits derma\u00dfen an das geldlose Leben gew\u00f6hnt, dass ihm komisch zumute war, wenn er [&hellip;]<\/p>\n\t\t\t\t<\/div>\n\n\t\t\t\t\t\t\t\t\t<a href=\"http:\/\/www.verdichtet.at\/?p=17900#respond\" class=\"su-post-comments-link\">0 Kommentare<\/a>\n\t\t\t\t\n\t\t\t<\/div>\n\n\t\t\t\t\t\n\t\t\t\n\t\t\t<div id=\"su-post-16204\" class=\"su-post \">\n\n\t\t\t\t\n\t\t\t\t<h2 class=\"su-post-title\"><a href=\"http:\/\/www.verdichtet.at\/?p=16204\">Party People<\/a><\/h2>\n\n\t\t\t\t<div class=\"su-post-meta\">\n\t\t\t\t\tVer\u00f6ffentlicht: 1. Juli 2023\t\t\t\t<\/div>\n\n\t\t\t\t<div class=\"su-post-excerpt\">\n\t\t\t\t\t<p>Ach, ihr Leute! Der Saal ist voll beim Konzert von Alma und Tove Lo in der Arena Wien. Wir sind doch alle Party People. Heute feiern wir, und morgen sieht die Sache wieder ganz anders aus. Johannes Tosin (Text und Bild) www.verdichtet.at | Kategorie:\u00a0fest feiern | Inventarnummer: 23166<\/p>\n\t\t\t\t<\/div>\n\n\t\t\t\t\t\t\t\t\t<a href=\"http:\/\/www.verdichtet.at\/?p=16204#respond\" class=\"su-post-comments-link\">0 Kommentare<\/a>\n\t\t\t\t\n\t\t\t<\/div>\n\n\t\t\t\t\t\n\t\t\t\n\t\t\t<div id=\"su-post-17284\" class=\"su-post \">\n\n\t\t\t\t\n\t\t\t\t<h2 class=\"su-post-title\"><a href=\"http:\/\/www.verdichtet.at\/?p=17284\">Heiliger Abend<\/a><\/h2>\n\n\t\t\t\t<div class=\"su-post-meta\">\n\t\t\t\t\tVer\u00f6ffentlicht: 20. Dezember 2023\t\t\t\t<\/div>\n\n\t\t\t\t<div class=\"su-post-excerpt\">\n\t\t\t\t\t<p>Was k\u00fcmmert uns der Weihnachtstrubel Party, Feiern, Festtagsjubel Geschenke kaufen, die keiner braucht Pflichterf\u00fcllung blo\u00df \u2013 schon die Auswahl schlaucht Wir haben es da besser Denn wir haben uns Du hast mich und ich hab dich Das ist das gr\u00f6\u00dfte Geschenk, das man nicht kaufen kann Wir feiern den Weihnachtsabend schlicht und einfach Vitello Tonnato [&hellip;]<\/p>\n\t\t\t\t<\/div>\n\n\t\t\t\t\t\t\t\t\t<a href=\"http:\/\/www.verdichtet.at\/?p=17284#comments\" class=\"su-post-comments-link\">Ein Kommentar<\/a>\n\t\t\t\t\n\t\t\t<\/div>\n\n\t\t\t\t\t\n\t\t\t\n\t\t\t<div id=\"su-post-17278\" class=\"su-post \">\n\n\t\t\t\t\n\t\t\t\t<h2 class=\"su-post-title\"><a href=\"http:\/\/www.verdichtet.at\/?p=17278\">\u00dcberraschungen am Heiligabend<\/a><\/h2>\n\n\t\t\t\t<div class=\"su-post-meta\">\n\t\t\t\t\tVer\u00f6ffentlicht: 19. Dezember 2023\t\t\t\t<\/div>\n\n\t\t\t\t<div class=\"su-post-excerpt\">\n\t\t\t\t\t<p>Kira w\u00e4lzt sich gen\u00fcsslich im Schnee und l\u00e4uft dann freudig weiter durch den Park. Unsere kleine Malteserh\u00fcndin liebt ihre Gassi-Runden vor allem im Winter. Ungewohnt still ist es heute, am Nachmittag des Heiligabends. Ich treffe keinen einzigen Menschen im Park, nicht einmal Rudi, den Obdachlosen, der sonst immer um diese Zeit die Tauben f\u00fcttert. Nur [&hellip;]<\/p>\n\t\t\t\t<\/div>\n\n\t\t\t\t\t\t\t\t\t<a href=\"http:\/\/www.verdichtet.at\/?p=17278#comments\" class=\"su-post-comments-link\">Ein Kommentar<\/a>\n\t\t\t\t\n\t\t\t<\/div>\n\n\t\t\t\t\t\n\t\t\t\n\t\t\t<div id=\"su-post-17208\" class=\"su-post \">\n\n\t\t\t\t\n\t\t\t\t<h2 class=\"su-post-title\"><a href=\"http:\/\/www.verdichtet.at\/?p=17208\">Die Farben der Weihnachtszeit<\/a><\/h2>\n\n\t\t\t\t<div class=\"su-post-meta\">\n\t\t\t\t\tVer\u00f6ffentlicht: 13. Dezember 2023\t\t\t\t<\/div>\n\n\t\t\t\t<div class=\"su-post-excerpt\">\n\t\t\t\t\t<p>In dieser Geschichte geht es, wie auch nicht anders zu erwarten, um Weihnachten. Jedoch geht es dabei mehr um ein Kaleidoskop an Emotionen, die diese wunderbar besinnliche Zeit mit sich bringt. Denn nicht immer ist es einem verg\u00f6nnt, sich in flauschige Decken gekuschelt und die F\u00fc\u00dfe in Wollsocken geh\u00fcllt hinter einem spannenden Roman zu vergessen [&hellip;]<\/p>\n\t\t\t\t<\/div>\n\n\t\t\t\t\t\t\t\t\t<a href=\"http:\/\/www.verdichtet.at\/?p=17208#respond\" class=\"su-post-comments-link\">0 Kommentare<\/a>\n\t\t\t\t\n\t\t\t<\/div>\n\n\t\t\t\t\t\n\t\t\t\n\t\t\t<div id=\"su-post-16024\" class=\"su-post \">\n\n\t\t\t\t\n\t\t\t\t<h2 class=\"su-post-title\"><a href=\"http:\/\/www.verdichtet.at\/?p=16024\">Sommernacht<\/a><\/h2>\n\n\t\t\t\t<div class=\"su-post-meta\">\n\t\t\t\t\tVer\u00f6ffentlicht: 30. Mai 2023\t\t\t\t<\/div>\n\n\t\t\t\t<div class=\"su-post-excerpt\">\n\t\t\t\t\t<p>Die Nacht besch\u00fctzt uns. Sie h\u00e4lt uns fest, nach dem Tanzen, nach dem Flirt, aber nicht mit ihr, die neben mir steht. Sie hat nichts gemerkt. Und nun geht die Sonne auf. Es wird ein warmer Tag werden, ein Sommertag, wie bestellt. Ich w\u00fcrde die Nacht bevorzugen, doch man kann es sich nicht aussuchen. Johannes [&hellip;]<\/p>\n\t\t\t\t<\/div>\n\n\t\t\t\t\t\t\t\t\t<a href=\"http:\/\/www.verdichtet.at\/?p=16024#respond\" class=\"su-post-comments-link\">0 Kommentare<\/a>\n\t\t\t\t\n\t\t\t<\/div>\n\n\t\t\t\t\t\n\t\t\t\n\t\t\t<div id=\"su-post-15731\" class=\"su-post \">\n\n\t\t\t\t\n\t\t\t\t<h2 class=\"su-post-title\"><a href=\"http:\/\/www.verdichtet.at\/?p=15731\">Das Sonntagsgeschirr<\/a><\/h2>\n\n\t\t\t\t<div class=\"su-post-meta\">\n\t\t\t\t\tVer\u00f6ffentlicht: 1. April 2023\t\t\t\t<\/div>\n\n\t\t\t\t<div class=\"su-post-excerpt\">\n\t\t\t\t\t<p>Sonntag! Das ist der w\u00f6chentlicher H\u00f6hepunkt und sollte auch so empfunden und gelebt werden! Endlich Sonntag! L\u00e4nger schlafen, am sch\u00f6ner gedeckten Tisch ein genie\u00dferisch langsames, reichhaltigeres Fr\u00fchst\u00fcck, anschlie\u00dfend die Sonntagszeitung durchbl\u00e4ttern und \u00fcber die aktuellen Themen plaudern. So sollte der Erholungs- und Familientag beginnen. Es war knapp nach der Silberhochzeit, als Max mit seiner Elli [&hellip;]<\/p>\n\t\t\t\t<\/div>\n\n\t\t\t\t\t\t\t\t\t<a href=\"http:\/\/www.verdichtet.at\/?p=15731#respond\" class=\"su-post-comments-link\">0 Kommentare<\/a>\n\t\t\t\t\n\t\t\t<\/div>\n\n\t\t\t\t\t\n\t\t\t\n\t\t\t<div id=\"su-post-15300\" class=\"su-post \">\n\n\t\t\t\t\n\t\t\t\t<h2 class=\"su-post-title\"><a href=\"http:\/\/www.verdichtet.at\/?p=15300\">Die kleine Schneiderin<\/a><\/h2>\n\n\t\t\t\t<div class=\"su-post-meta\">\n\t\t\t\t\tVer\u00f6ffentlicht: 27. Januar 2023\t\t\t\t<\/div>\n\n\t\t\t\t<div class=\"su-post-excerpt\">\n\t\t\t\t\t<p>Die kleine Schneiderin n\u00e4ht f\u00fcr die Faschingsauff\u00fchrung. Ein schwarzer Umhang macht aus Kurt den Fledermausmann. Aus Iris wird mit dicken Streifen eine Biene. Ute ist mit rotem T\u00fcll drapiert eine wassertrinkende Rose. Springende Herzen in Kost\u00fcmen klingen in gl\u00e4serner Haut. Johannes Tosin (Text und Bild) www.verdichtet.at | Kategorie:\u00a0fest feiern | Inventarnummer: 23040<\/p>\n\t\t\t\t<\/div>\n\n\t\t\t\t\t\t\t\t\t<a href=\"http:\/\/www.verdichtet.at\/?p=15300#respond\" class=\"su-post-comments-link\">0 Kommentare<\/a>\n\t\t\t\t\n\t\t\t<\/div>\n\n\t\t\t\t\t\n\t\t\t\n\t\t\t<div id=\"su-post-13336\" class=\"su-post \">\n\n\t\t\t\t\n\t\t\t\t<h2 class=\"su-post-title\"><a href=\"http:\/\/www.verdichtet.at\/?p=13336\">Triinu<\/a><\/h2>\n\n\t\t\t\t<div class=\"su-post-meta\">\n\t\t\t\t\tVer\u00f6ffentlicht: 31. Oktober 2021\t\t\t\t<\/div>\n\n\t\t\t\t<div class=\"su-post-excerpt\">\n\t\t\t\t\t<p>Sugardaddy: Was machst du so, h\u00fcbsches M\u00e4dchen? Triinu Kivilaan: Ich bin Bassistin und S\u00e4ngerin. Sugardaddy: Das hei\u00dft, jemand anderer spielt f\u00fcr dich den Bass, und du bewegst die Lippen. Triinu Kivilaan: Keine Spur davon, ich spiele selbst und singe wirklich. Die Band hei\u00dft Vanilla Ninja. Sugardaddy: Dann brauche ich dich also nicht auf einen Cocktail [&hellip;]<\/p>\n\t\t\t\t<\/div>\n\n\t\t\t\t\t\t\t\t\t<a href=\"http:\/\/www.verdichtet.at\/?p=13336#respond\" class=\"su-post-comments-link\">0 Kommentare<\/a>\n\t\t\t\t\n\t\t\t<\/div>\n\n\t\t\t\t\t\n\t\t\t\n\t\t\t<div id=\"su-post-13152\" class=\"su-post \">\n\n\t\t\t\t\n\t\t\t\t<h2 class=\"su-post-title\"><a href=\"http:\/\/www.verdichtet.at\/?p=13152\">Die Belohnung<\/a><\/h2>\n\n\t\t\t\t<div class=\"su-post-meta\">\n\t\t\t\t\tVer\u00f6ffentlicht: 9. September 2021\t\t\t\t<\/div>\n\n\t\t\t\t<div class=\"su-post-excerpt\">\n\t\t\t\t\t<p>Dieser Mitarbeiter hat gut gearbeitet, denkt das zu bezahlende M\u00e4dchen. Er hat neue M\u00e4rkte erschlossen, Umsatz und Gewinn stark gesteigert. Und jetzt findet hier diese Party statt, wo t\u00fcchtige Firmenangeh\u00f6rige belohnt werden. Und was ist seine Belohnung? Ich bin es. Johannes Tosin (Text und Bild) www.verdichtet.at | Kategorie:\u00a0fest feiern | Inventarnummer: 21108<\/p>\n\t\t\t\t<\/div>\n\n\t\t\t\t\t\t\t\t\t<a href=\"http:\/\/www.verdichtet.at\/?p=13152#respond\" class=\"su-post-comments-link\">0 Kommentare<\/a>\n\t\t\t\t\n\t\t\t<\/div>\n\n\t\t\t\t\t\n\t\t\t\n\t\t\t<div id=\"su-post-12892\" class=\"su-post \">\n\n\t\t\t\t\n\t\t\t\t<h2 class=\"su-post-title\"><a href=\"http:\/\/www.verdichtet.at\/?p=12892\">Sauna im Schnee<\/a><\/h2>\n\n\t\t\t\t<div class=\"su-post-meta\">\n\t\t\t\t\tVer\u00f6ffentlicht: 24. Juni 2021\t\t\t\t<\/div>\n\n\t\t\t\t<div class=\"su-post-excerpt\">\n\t\t\t\t\t<p>Der Fleischhauer Karl Metzger hat Feierabend gemacht und heizt nun seine Sauna auf, die er vor Jahren in der alten Selchkammer installiert hat. Es ist eine liebgewonnene Gewohnheit, ein unverzichtbares Ritual geworden, diese kleine freundschaftliche Sauna-Runde am Samstag, sonst k\u00f6nnte das Wochenende gar nicht stattfinden. Frau Metzger hat schon alles vorbereitet und nun kommen \u2013 [&hellip;]<\/p>\n\t\t\t\t<\/div>\n\n\t\t\t\t\t\t\t\t\t<a href=\"http:\/\/www.verdichtet.at\/?p=12892#respond\" class=\"su-post-comments-link\">0 Kommentare<\/a>\n\t\t\t\t\n\t\t\t<\/div>\n\n\t\t\t\t\t\n\t\t\t\n\t\t\t<div id=\"su-post-12258\" class=\"su-post \">\n\n\t\t\t\t\n\t\t\t\t<h2 class=\"su-post-title\"><a href=\"http:\/\/www.verdichtet.at\/?p=12258\">Lust zu tanzen<\/a><\/h2>\n\n\t\t\t\t<div class=\"su-post-meta\">\n\t\t\t\t\tVer\u00f6ffentlicht: 7. Januar 2021\t\t\t\t<\/div>\n\n\t\t\t\t<div class=\"su-post-excerpt\">\n\t\t\t\t\t<p>Sie sagte, sie h\u00e4tte Lust zu tanzen. Durch ihre Brille hindurch sah sie mich erwartungsvoll an. Ich nippte von meinem Bier, lachte auf. Ich erinnerte sie, dass es Donnerstag sei. Dass es nach acht sei. Dass wir kaum Platz in unserer Wohnung finden w\u00fcrden, wo wir zu dritt tanzen k\u00f6nnten. Ohne sie zu Wort kommen [&hellip;]<\/p>\n\t\t\t\t<\/div>\n\n\t\t\t\t\t\t\t\t\t<a href=\"http:\/\/www.verdichtet.at\/?p=12258#respond\" class=\"su-post-comments-link\">0 Kommentare<\/a>\n\t\t\t\t\n\t\t\t<\/div>\n\n\t\t\t\t\t\n\t\t\t\n\t\t\t<div id=\"su-post-11587\" class=\"su-post \">\n\n\t\t\t\t\n\t\t\t\t<h2 class=\"su-post-title\"><a href=\"http:\/\/www.verdichtet.at\/?p=11587\">Die Endjahresreise<\/a><\/h2>\n\n\t\t\t\t<div class=\"su-post-meta\">\n\t\t\t\t\tVer\u00f6ffentlicht: 24. Juni 2020\t\t\t\t<\/div>\n\n\t\t\t\t<div class=\"su-post-excerpt\">\n\t\t\t\t\t<p>Film ab! Bilder laufen. Die Endjahresreise. Jahrmarktsausgelassenheit. Allerheiligen: der Toten Andacht. Schneeflockenfallende Frohlebigkeit. Der Winter bringt ein neues Jahr. Die Stiefel sind geputzt. Der Ofen ist geheizt. Erwartungsvolles Gesichtermunkeln f\u00fcllt die Stube. Behaglichkeit. Schutz an wei\u00dfen Tagen, in kohlenst\u00fcckchenschwarzen N\u00e4chten. Die Filmrolle ist abgelaufen. Die Leinwand strahlt leer im Licht des Projektors. Johannes Tosin (Text [&hellip;]<\/p>\n\t\t\t\t<\/div>\n\n\t\t\t\t\t\t\t\t\t<a href=\"http:\/\/www.verdichtet.at\/?p=11587#respond\" class=\"su-post-comments-link\">0 Kommentare<\/a>\n\t\t\t\t\n\t\t\t<\/div>\n\n\t\t\t\t\t\n\t\t\t\n\t\t\t<div id=\"su-post-11095\" class=\"su-post \">\n\n\t\t\t\t\n\t\t\t\t<h2 class=\"su-post-title\"><a href=\"http:\/\/www.verdichtet.at\/?p=11095\">Geschichten, die das Leben speit III \u2013 Die Patriziertochter<\/a><\/h2>\n\n\t\t\t\t<div class=\"su-post-meta\">\n\t\t\t\t\tVer\u00f6ffentlicht: 10. April 2020\t\t\t\t<\/div>\n\n\t\t\t\t<div class=\"su-post-excerpt\">\n\t\t\t\t\t<p>Die wohlhabende, platinblonde, 1,65 Meter gro\u00dfe junge Lisa (die eigentlich Elisabeth hei\u00dft und aus einer alten Patrizierfamilie stammt) aus der Landeshauptstadt I. besucht eine Privatlesung in einer Almh\u00fctte (Chalet) in der N\u00e4he von Brixen in S\u00fcdtirol. Drinnen sind schon alle drei geladenen G\u00e4ste zugange, selbstgemachte Liptauerbr\u00f6tchen werden zu Musik vom MP3-Player auf IKEA-Servietten gereicht. Die [&hellip;]<\/p>\n\t\t\t\t<\/div>\n\n\t\t\t\t\t\t\t\t\t<a href=\"http:\/\/www.verdichtet.at\/?p=11095#respond\" class=\"su-post-comments-link\">0 Kommentare<\/a>\n\t\t\t\t\n\t\t\t<\/div>\n\n\t\t\t\t\t\n\t\t\t\n\t\t\t<div id=\"su-post-9313\" class=\"su-post \">\n\n\t\t\t\t\n\t\t\t\t<h2 class=\"su-post-title\"><a href=\"http:\/\/www.verdichtet.at\/?p=9313\">Der Pope und sein Hund<\/a><\/h2>\n\n\t\t\t\t<div class=\"su-post-meta\">\n\t\t\t\t\tVer\u00f6ffentlicht: 14. Januar 2019\t\t\t\t<\/div>\n\n\t\t\t\t<div class=\"su-post-excerpt\">\n\t\t\t\t\t<p>Griechenland, das ist Gottes Liebesverh\u00e4ltnis mit der Erde. Heinrich Schliemann Hausherr Jannis l\u00e4dt uns f\u00fcr Samstagabend zu einem Fest auf der Insel Kitrani ein. Ein Geheimnis, eine Sensation! Ich bin aufgeregt. Sie ist unbewohnt, als Naturschutzgebiet unzug\u00e4nglich. Wir sollen gegen f\u00fcnf Uhr im Hafen sein, da wird ein Boot zur \u00dcberfahrt warten. Jannis wei\u00df nichts [&hellip;]<\/p>\n\t\t\t\t<\/div>\n\n\t\t\t\t\t\t\t\t\t<a href=\"http:\/\/www.verdichtet.at\/?p=9313#comments\" class=\"su-post-comments-link\">Ein Kommentar<\/a>\n\t\t\t\t\n\t\t\t<\/div>\n\n\t\t\t\t\t\n\t\t\t\n\t\t\t<div id=\"su-post-7388\" class=\"su-post \">\n\n\t\t\t\t\n\t\t\t\t<h2 class=\"su-post-title\"><a href=\"http:\/\/www.verdichtet.at\/?p=7388\">Ein Wiener zu Weihnachten<\/a><\/h2>\n\n\t\t\t\t<div class=\"su-post-meta\">\n\t\t\t\t\tVer\u00f6ffentlicht: 19. Dezember 2017\t\t\t\t<\/div>\n\n\t\t\t\t<div class=\"su-post-excerpt\">\n\t\t\t\t\t<p>Es sagen viele Menschen Jahr f\u00fcr Jahr: \u201eWeihnachten ist heut\u2019 nimmer \u2013 was es einmal war Der einzig stete Weihnachtsbrauch \u2013 war immer nur der volle Bauch Die Hetze und das viele Geld \u2013 wo doch schon jeder alles hat Mir reicht\u2019s, ich fahre fort \u2013 was soll ich in der Stadt? Wieder die Berge [&hellip;]<\/p>\n\t\t\t\t<\/div>\n\n\t\t\t\t\t\t\t\t\t<a href=\"http:\/\/www.verdichtet.at\/?p=7388#respond\" class=\"su-post-comments-link\">0 Kommentare<\/a>\n\t\t\t\t\n\t\t\t<\/div>\n\n\t\t\t\t\t\n\t\t\t\n\t\t\t<div id=\"su-post-7308\" class=\"su-post \">\n\n\t\t\t\t\n\t\t\t\t<h2 class=\"su-post-title\"><a href=\"http:\/\/www.verdichtet.at\/?p=7308\">Der kleine Tannenbaum<\/a><\/h2>\n\n\t\t\t\t<div class=\"su-post-meta\">\n\t\t\t\t\tVer\u00f6ffentlicht: 27. November 2017\t\t\t\t<\/div>\n\n\t\t\t\t<div class=\"su-post-excerpt\">\n\t\t\t\t\t<p>Ich bin ein kleiner Tannenbaum \u2013 und steh im gro\u00dfen Wald Und weil ich nicht alleine bin \u2013 drum ist mir gar nicht kalt Die Mama sagt, ich bin ein Schatz \u2013 sie muss mich gar nicht tadeln Ich hab in meiner Rinde Platz \u2013 und gl\u00e4nze mit den Nadeln Die kleinen Kinder hab ich [&hellip;]<\/p>\n\t\t\t\t<\/div>\n\n\t\t\t\t\t\t\t\t\t<a href=\"http:\/\/www.verdichtet.at\/?p=7308#respond\" class=\"su-post-comments-link\">0 Kommentare<\/a>\n\t\t\t\t\n\t\t\t<\/div>\n\n\t\t\n\t\n<\/div>\n\n","protected":false},"excerpt":{"rendered":"","protected":false},"author":4,"featured_media":0,"parent":405,"menu_order":0,"comment_status":"closed","ping_status":"closed","template":"","meta":{"footnotes":""},"class_list":["post-7360","page","type-page","status-publish","hentry"],"_links":{"self":[{"href":"http:\/\/www.verdichtet.at\/index.php?rest_route=\/wp\/v2\/pages\/7360","targetHints":{"allow":["GET"]}}],"collection":[{"href":"http:\/\/www.verdichtet.at\/index.php?rest_route=\/wp\/v2\/pages"}],"about":[{"href":"http:\/\/www.verdichtet.at\/index.php?rest_route=\/wp\/v2\/types\/page"}],"author":[{"embeddable":true,"href":"http:\/\/www.verdichtet.at\/index.php?rest_route=\/wp\/v2\/users\/4"}],"replies":[{"embeddable":true,"href":"http:\/\/www.verdichtet.at\/index.php?rest_route=%2Fwp%2Fv2%2Fcomments&post=7360"}],"version-history":[{"count":2,"href":"http:\/\/www.verdichtet.at\/index.php?rest_route=\/wp\/v2\/pages\/7360\/revisions"}],"predecessor-version":[{"id":7362,"href":"http:\/\/www.verdichtet.at\/index.php?rest_route=\/wp\/v2\/pages\/7360\/revisions\/7362"}],"up":[{"embeddable":true,"href":"http:\/\/www.verdichtet.at\/index.php?rest_route=\/wp\/v2\/pages\/405"}],"wp:attachment":[{"href":"http:\/\/www.verdichtet.at\/index.php?rest_route=%2Fwp%2Fv2%2Fmedia&parent=7360"}],"curies":[{"name":"wp","href":"https:\/\/api.w.org\/{rel}","templated":true}]}}