{"id":432,"date":"2013-11-28T18:52:18","date_gmt":"2013-11-28T18:52:18","guid":{"rendered":"http:\/\/www.verdichtet.at\/?page_id=432"},"modified":"2015-08-29T08:08:29","modified_gmt":"2015-08-29T08:08:29","slug":"vorhang-auf-fuer-den-nachwuchs","status":"publish","type":"page","link":"http:\/\/www.verdichtet.at\/?page_id=432","title":{"rendered":"Vorhang auf f\u00fcr den Nachwuchs"},"content":{"rendered":"<div class=\"pdfprnt-buttons pdfprnt-buttons-page pdfprnt-top-right\"><a href=\"http:\/\/www.verdichtet.at\/index.php?rest_route=wpv2pages432&print=pdf\" class=\"pdfprnt-button pdfprnt-button-pdf\" target=\"_blank\"><\/a><a href=\"http:\/\/www.verdichtet.at\/index.php?rest_route=wpv2pages432&print=print\" class=\"pdfprnt-button pdfprnt-button-print\" target=\"_blank\"><\/a><\/div>\n\n<div class=\"su-posts su-posts-default-loop \">\n\n\t\n\t\t\t\t\t\n\t\t\t\n\t\t\t<div id=\"su-post-10777\" class=\"su-post \">\n\n\t\t\t\t\n\t\t\t\t<h2 class=\"su-post-title\"><a href=\"http:\/\/www.verdichtet.at\/?p=10777\">Feuilleton<\/a><\/h2>\n\n\t\t\t\t<div class=\"su-post-meta\">\n\t\t\t\t\tVer\u00f6ffentlicht: 2. Februar 2020\t\t\t\t<\/div>\n\n\t\t\t\t<div class=\"su-post-excerpt\">\n\t\t\t\t\t<p>Gem\u00fctlichkeit am falschen Platz (Buxtehuder Bote\/Feuilleton, Samstag, 14. M\u00e4rz 2015) Die hei\u00dfersehnte Premiere des Dschungelbuchs in der Konrad-Adenauer-Grundschule brachte gestern vor allem eines: Kopfsch\u00fctteln und ma\u00dflose Entt\u00e4uschung. Hohe Erwartungen waren in die zugegeben mutige Produktion investiert worden, doch zur\u00fcck blieb lediglich ein schaler Nachgeschmack. Dabei hatte es vielversprechend begonnen: In einer Einleitung waren s\u00e4mtliche Hauptdarsteller [&hellip;]<\/p>\n\t\t\t\t<\/div>\n\n\t\t\t\t\t\t\t\t\t<a href=\"http:\/\/www.verdichtet.at\/?p=10777#comments\" class=\"su-post-comments-link\">Ein Kommentar<\/a>\n\t\t\t\t\n\t\t\t<\/div>\n\n\t\t\t\t\t\n\t\t\t\n\t\t\t<div id=\"su-post-9082\" class=\"su-post \">\n\n\t\t\t\t\n\t\t\t\t<h2 class=\"su-post-title\"><a href=\"http:\/\/www.verdichtet.at\/?p=9082\">Am Ende des Tages<\/a><\/h2>\n\n\t\t\t\t<div class=\"su-post-meta\">\n\t\t\t\t\tVer\u00f6ffentlicht: 21. Dezember 2018\t\t\t\t<\/div>\n\n\t\t\t\t<div class=\"su-post-excerpt\">\n\t\t\t\t\t<p>Am Ende des Tages frage ich mich hast du heute in den Himmel geschaut und die Wolken gesehen warst du heute im Garten und hast nach deinen Blumen geschaut hast du den Menschen, denen du heute begegnet bist, ein L\u00e4cheln geschenkt und hast du wirklich hingeh\u00f6rt, wenn dir jemand etwas erz\u00e4hlt hat hast du genickt, [&hellip;]<\/p>\n\t\t\t\t<\/div>\n\n\t\t\t\t\t\t\t\t\t<a href=\"http:\/\/www.verdichtet.at\/?p=9082#respond\" class=\"su-post-comments-link\">0 Kommentare<\/a>\n\t\t\t\t\n\t\t\t<\/div>\n\n\t\t\t\t\t\n\t\t\t\n\t\t\t<div id=\"su-post-9005\" class=\"su-post \">\n\n\t\t\t\t\n\t\t\t\t<h2 class=\"su-post-title\"><a href=\"http:\/\/www.verdichtet.at\/?p=9005\">24 Tage<\/a><\/h2>\n\n\t\t\t\t<div class=\"su-post-meta\">\n\t\t\t\t\tVer\u00f6ffentlicht: 25. November 2018\t\t\t\t<\/div>\n\n\t\t\t\t<div class=\"su-post-excerpt\">\n\t\t\t\t\t<p>Manche stehen nur herum, andere lassen sich h\u00e4ngen. Viele sind eher langweilig, was ihr Erscheinungsbild anbelangt. Auf ihrem wei\u00dfen Gesicht sind einige Striche, die als Felder erscheinen. Manche sind in einen dicken Ledermantel geh\u00fcllt. Etliche sind schwer zu ertragen, ihre Tage sind voll von Terminen. Einzelne zeigen sich mit Bildern oder mit lustigen Spr\u00fcchen, das [&hellip;]<\/p>\n\t\t\t\t<\/div>\n\n\t\t\t\t\t\t\t\t\t<a href=\"http:\/\/www.verdichtet.at\/?p=9005#comments\" class=\"su-post-comments-link\">Ein Kommentar<\/a>\n\t\t\t\t\n\t\t\t<\/div>\n\n\t\t\t\t\t\n\t\t\t\n\t\t\t<div id=\"su-post-2201\" class=\"su-post \">\n\n\t\t\t\t\n\t\t\t\t<h2 class=\"su-post-title\"><a href=\"http:\/\/www.verdichtet.at\/?p=2201\">Alles in Ordnung ?!<\/a><\/h2>\n\n\t\t\t\t<div class=\"su-post-meta\">\n\t\t\t\t\tVer\u00f6ffentlicht: 13. Februar 2015\t\t\t\t<\/div>\n\n\t\t\t\t<div class=\"su-post-excerpt\">\n\t\t\t\t\t<p>Was f\u00fcr eine Frage! Kann denn alles in Ordnung sein??!! Will ich denn Ordnung?? Oder ist sie mir zu anstrengend, zu kleinkariert, ist sie nur etwas f\u00fcr Omas, f\u00fcr penible Menschen, f\u00fcr Unkreative, f\u00fcr Langweiler, f\u00fcr strenge Menschen, f\u00fcr Leute, die keinen Platz haben, sei es in ihren Wohnungen, H\u00e4usern und in ihren K\u00f6pfen und [&hellip;]<\/p>\n\t\t\t\t<\/div>\n\n\t\t\t\t\t\t\t\t\t<a href=\"http:\/\/www.verdichtet.at\/?p=2201#comments\" class=\"su-post-comments-link\">3 comments<\/a>\n\t\t\t\t\n\t\t\t<\/div>\n\n\t\t\t\t\t\n\t\t\t\n\t\t\t<div id=\"su-post-2197\" class=\"su-post \">\n\n\t\t\t\t\n\t\t\t\t<h2 class=\"su-post-title\"><a href=\"http:\/\/www.verdichtet.at\/?p=2197\">Ein anderer mag in dir etwas ausl\u00f6sen<\/a><\/h2>\n\n\t\t\t\t<div class=\"su-post-meta\">\n\t\t\t\t\tVer\u00f6ffentlicht: 14. Februar 2015\t\t\t\t<\/div>\n\n\t\t\t\t<div class=\"su-post-excerpt\">\n\t\t\t\t\t<p>Ein anderer mag in dir etwas ausl\u00f6sen &#8211; \u00a0was du magst. Er kann in dir etwas ausl\u00f6sen &#8211; was du nicht magst. Nur du hast die Wahl. Er mag dich verletzen. Nur du setzt deine Grenzen. Nur du sagst, wo dein Schmerz beginnt. Nur du sagst, wo dein Schmerz aufh\u00f6rt. Oder ob er \u00fcberhaupt beginnt. [&hellip;]<\/p>\n\t\t\t\t<\/div>\n\n\t\t\t\t\t\t\t\t\t<a href=\"http:\/\/www.verdichtet.at\/?p=2197#comments\" class=\"su-post-comments-link\">Ein Kommentar<\/a>\n\t\t\t\t\n\t\t\t<\/div>\n\n\t\t\t\t\t\n\t\t\t\n\t\t\t<div id=\"su-post-2206\" class=\"su-post \">\n\n\t\t\t\t\n\t\t\t\t<h2 class=\"su-post-title\"><a href=\"http:\/\/www.verdichtet.at\/?p=2206\">Wahrnehmen<\/a><\/h2>\n\n\t\t\t\t<div class=\"su-post-meta\">\n\t\t\t\t\tVer\u00f6ffentlicht: 14. Februar 2015\t\t\t\t<\/div>\n\n\t\t\t\t<div class=\"su-post-excerpt\">\n\t\t\t\t\t<p>Nicht alles was ich sehe siehst du auch so. Ich sehe mich. Du siehst mich. Ich sehe dich. Du siehst dich. Ich sehe was ich wahr-nehme, was ich f\u00fcr meine Wahrheit halte. Ich sehe meine eigene Geschichte. Alles was ich gelebt und erlebt habe. Meine gesammelten Erfahrungen. Meine Erziehung. Genauso wie du das Deine wahrnimmst, [&hellip;]<\/p>\n\t\t\t\t<\/div>\n\n\t\t\t\t\t\t\t\t\t<a href=\"http:\/\/www.verdichtet.at\/?p=2206#comments\" class=\"su-post-comments-link\">Ein Kommentar<\/a>\n\t\t\t\t\n\t\t\t<\/div>\n\n\t\t\t\t\t\n\t\t\t\n\t\t\t<div id=\"su-post-6453\" class=\"su-post \">\n\n\t\t\t\t\n\t\t\t\t<h2 class=\"su-post-title\"><a href=\"http:\/\/www.verdichtet.at\/?p=6453\">Ein leeres Blatt<\/a><\/h2>\n\n\t\t\t\t<div class=\"su-post-meta\">\n\t\t\t\t\tVer\u00f6ffentlicht: 8. Mai 2017\t\t\t\t<\/div>\n\n\t\t\t\t<div class=\"su-post-excerpt\">\n\t\t\t\t\t<p>Ein leeres Blatt. Was mach ich mit dir? Womit soll ich dich f\u00fcllen? Mit Farbe? Ja? Mit Strichen, wild und ungebremst \u2026. Nein! Lieber sanft, langsam und bedacht. Ein Strich nach dem anderen. Wohl \u00fcberlegt. Eine Skizze. Eine zweite. Viele mehr. Sch\u00f6n soll es werden. Wird es gefallen? Dort ein bisschen heller noch. Oder doch [&hellip;]<\/p>\n\t\t\t\t<\/div>\n\n\t\t\t\t\t\t\t\t\t<a href=\"http:\/\/www.verdichtet.at\/?p=6453#respond\" class=\"su-post-comments-link\">0 Kommentare<\/a>\n\t\t\t\t\n\t\t\t<\/div>\n\n\t\t\t\t\t\n\t\t\t\n\t\t\t<div id=\"su-post-5103\" class=\"su-post \">\n\n\t\t\t\t\n\t\t\t\t<h2 class=\"su-post-title\"><a href=\"http:\/\/www.verdichtet.at\/?p=5103\">Blendung<\/a><\/h2>\n\n\t\t\t\t<div class=\"su-post-meta\">\n\t\t\t\t\tVer\u00f6ffentlicht: 22. September 2016\t\t\t\t<\/div>\n\n\t\t\t\t<div class=\"su-post-excerpt\">\n\t\t\t\t\t<p>Dein Erscheinen. Blendet. Verwirrt. Verunsichert. Deine Anwesenheit. So m\u00e4chtig aufw\u00fchlend. Jedes Mal ein neuer Schlag. Ein neues Funkeln. Wenn Du da aufgeritten kommst. Aus der preschenden Welle. Als Wiedererwachte. Als Starke. Als Unbezwingbare. Als k\u00f6nnte Dich nichts zerst\u00f6ren. Au\u00dfer Du selbst. Wenn Du Dich wieder und wieder in den n\u00e4chsten Wellenrausch einwirfst. Dich versinken l\u00e4sst. [&hellip;]<\/p>\n\t\t\t\t<\/div>\n\n\t\t\t\t\t\t\t\t\t<a href=\"http:\/\/www.verdichtet.at\/?p=5103#comments\" class=\"su-post-comments-link\">Ein Kommentar<\/a>\n\t\t\t\t\n\t\t\t<\/div>\n\n\t\t\t\t\t\n\t\t\t\n\t\t\t<div id=\"su-post-4577\" class=\"su-post \">\n\n\t\t\t\t\n\t\t\t\t<h2 class=\"su-post-title\"><a href=\"http:\/\/www.verdichtet.at\/?p=4577\">Freibeuter<\/a><\/h2>\n\n\t\t\t\t<div class=\"su-post-meta\">\n\t\t\t\t\tVer\u00f6ffentlicht: 6. Juni 2016\t\t\t\t<\/div>\n\n\t\t\t\t<div class=\"su-post-excerpt\">\n\t\t\t\t\t<p>Ich wachte auf, weil mein K\u00f6rper nach Nikotin schrie. Es passierte noch nicht lange, dass ich von dem Drang, eine Zigarette zu rauchen, aufwachte. War ich tats\u00e4chlich schon so s\u00fcchtig? Wie traurig. Ich sp\u00e4hte auf den Wecker auf meinem Nachtk\u00e4stchen und erstarrte kurz, als ich feststellen musste, gar nicht in meinem Bett zu sein. Es [&hellip;]<\/p>\n\t\t\t\t<\/div>\n\n\t\t\t\t\t\t\t\t\t<a href=\"http:\/\/www.verdichtet.at\/?p=4577#respond\" class=\"su-post-comments-link\">0 Kommentare<\/a>\n\t\t\t\t\n\t\t\t<\/div>\n\n\t\t\t\t\t\n\t\t\t\n\t\t\t<div id=\"su-post-4278\" class=\"su-post \">\n\n\t\t\t\t\n\t\t\t\t<h2 class=\"su-post-title\"><a href=\"http:\/\/www.verdichtet.at\/?p=4278\">Eine Frage der Konzentration<\/a><\/h2>\n\n\t\t\t\t<div class=\"su-post-meta\">\n\t\t\t\t\tVer\u00f6ffentlicht: 13. April 2016\t\t\t\t<\/div>\n\n\t\t\t\t<div class=\"su-post-excerpt\">\n\t\t\t\t\t<p>Normalerweise w\u00fcrden die dopaminhaltigen Zellausl\u00e4ufer den Botenstoff freigeben, wenn sie an der Kontaktstelle zum n\u00e4chsten Neuron ein Signal ihrer Zelle \u00fcbertragen sollen. Dann durchquert das Dopamin dort den schmalen synaptischen Spalt zu dem Neuron, wo es an ein passendes Rezeptormolek\u00fcl andockt, und das Neuron empf\u00e4ngt das Signal. Sp\u00e4ter schafft ein Transportsystem das Dopamin wieder zur\u00fcck [&hellip;]<\/p>\n\t\t\t\t<\/div>\n\n\t\t\t\t\t\t\t\t\t<a href=\"http:\/\/www.verdichtet.at\/?p=4278#respond\" class=\"su-post-comments-link\">0 Kommentare<\/a>\n\t\t\t\t\n\t\t\t<\/div>\n\n\t\t\t\t\t\n\t\t\t\n\t\t\t<div id=\"su-post-2712\" class=\"su-post \">\n\n\t\t\t\t\n\t\t\t\t<h2 class=\"su-post-title\"><a href=\"http:\/\/www.verdichtet.at\/?p=2712\">Der Berufssch\u00fcler 3: Pfeifkonzert<\/a><\/h2>\n\n\t\t\t\t<div class=\"su-post-meta\">\n\t\t\t\t\tVer\u00f6ffentlicht: 30. Mai 2015\t\t\t\t<\/div>\n\n\t\t\t\t<div class=\"su-post-excerpt\">\n\t\t\t\t\t<p>Vorwort: Dieser Text dient ausschlie\u00dflich zur Unterhaltung und soll nicht aussagen, dass alle Berufssch\u00fcler dieser Welt geistig benachteiligte Gesch\u00f6pfe sind, die von einer Qualle im Schach besiegt werden, weil sie die \u201eStartaufstellung\u201c der Figuren f\u00fcr zu defensiv halten. Nein, Spa\u00df beiseite. Ich war selbst Berufssch\u00fcler und habe die Dinge, die ich hier geschrieben habe, selbst [&hellip;]<\/p>\n\t\t\t\t<\/div>\n\n\t\t\t\t\t\t\t\t\t<a href=\"http:\/\/www.verdichtet.at\/?p=2712#respond\" class=\"su-post-comments-link\">0 Kommentare<\/a>\n\t\t\t\t\n\t\t\t<\/div>\n\n\t\t\t\t\t\n\t\t\t\n\t\t\t<div id=\"su-post-291\" class=\"su-post \">\n\n\t\t\t\t\n\t\t\t\t<h2 class=\"su-post-title\"><a href=\"http:\/\/www.verdichtet.at\/?p=291\">Every fucking day<\/a><\/h2>\n\n\t\t\t\t<div class=\"su-post-meta\">\n\t\t\t\t\tVer\u00f6ffentlicht: 28. November 2013\t\t\t\t<\/div>\n\n\t\t\t\t<div class=\"su-post-excerpt\">\n\t\t\t\t\t<p>Bin ich denn f\u00fcr alles zu dumm, denke ich und laufe im Badezimmer herum. Den Wecker h\u00f6rte ich nicht, ich bin zu sp\u00e4t, wo liegt nur dieses Aufladeger\u00e4t? Warum aber auch nichts klappen will? Mein Herz, das pocht, mein Hirn steht still. Das Make-up ist leer, der Lippenstift auch, die Wimperntusche alt, auch das Ding, [&hellip;]<\/p>\n\t\t\t\t<\/div>\n\n\t\t\t\t\t\t\t\t\t<a href=\"http:\/\/www.verdichtet.at\/?p=291#respond\" class=\"su-post-comments-link\">0 Kommentare<\/a>\n\t\t\t\t\n\t\t\t<\/div>\n\n\t\t\t\t\t\n\t\t\t\n\t\t\t<div id=\"su-post-2716\" class=\"su-post \">\n\n\t\t\t\t\n\t\t\t\t<h2 class=\"su-post-title\"><a href=\"http:\/\/www.verdichtet.at\/?p=2716\">Der Berufssch\u00fcler 4: Aufzug<\/a><\/h2>\n\n\t\t\t\t<div class=\"su-post-meta\">\n\t\t\t\t\tVer\u00f6ffentlicht: 30. Mai 2015\t\t\t\t<\/div>\n\n\t\t\t\t<div class=\"su-post-excerpt\">\n\t\t\t\t\t<p>Vorwort: Dieser Text dient ausschlie\u00dflich zur Unterhaltung und soll nicht aussagen, dass alle Berufssch\u00fcler dieser Welt geistig benachteiligte Gesch\u00f6pfe sind, die von einer Qualle im Schach besiegt werden, weil sie die \u201eStartaufstellung\u201c der Figuren f\u00fcr zu defensiv halten. Nein, Spa\u00df beiseite. Ich war selbst Berufssch\u00fcler und habe die Dinge, die ich hier geschrieben habe, selbst [&hellip;]<\/p>\n\t\t\t\t<\/div>\n\n\t\t\t\t\t\t\t\t\t<a href=\"http:\/\/www.verdichtet.at\/?p=2716#respond\" class=\"su-post-comments-link\">0 Kommentare<\/a>\n\t\t\t\t\n\t\t\t<\/div>\n\n\t\t\t\t\t\n\t\t\t\n\t\t\t<div id=\"su-post-2710\" class=\"su-post \">\n\n\t\t\t\t\n\t\t\t\t<h2 class=\"su-post-title\"><a href=\"http:\/\/www.verdichtet.at\/?p=2710\">Der Berufssch\u00fcler 2: Die Muscheln<\/a><\/h2>\n\n\t\t\t\t<div class=\"su-post-meta\">\n\t\t\t\t\tVer\u00f6ffentlicht: 30. Mai 2015\t\t\t\t<\/div>\n\n\t\t\t\t<div class=\"su-post-excerpt\">\n\t\t\t\t\t<p>Vorwort: Dieser Text dient ausschlie\u00dflich zur Unterhaltung und soll nicht aussagen, dass alle Berufssch\u00fcler dieser Welt geistig benachteiligte Gesch\u00f6pfe sind, die von einer Qualle im Schach besiegt werden, weil sie die \u201eStartaufstellung\u201c der Figuren f\u00fcr zu defensiv halten. Nein, Spa\u00df beiseite. Ich war selbst Berufssch\u00fcler und habe die Dinge, die ich hier geschrieben habe, selbst [&hellip;]<\/p>\n\t\t\t\t<\/div>\n\n\t\t\t\t\t\t\t\t\t<a href=\"http:\/\/www.verdichtet.at\/?p=2710#respond\" class=\"su-post-comments-link\">0 Kommentare<\/a>\n\t\t\t\t\n\t\t\t<\/div>\n\n\t\t\t\t\t\n\t\t\t\n\t\t\t<div id=\"su-post-2706\" class=\"su-post \">\n\n\t\t\t\t\n\t\t\t\t<h2 class=\"su-post-title\"><a href=\"http:\/\/www.verdichtet.at\/?p=2706\">Der Berufssch\u00fcler 1: Personenbeschreibung eines klischeem\u00e4\u00dfigen Berufssch\u00fclers mit einem Beispiel zur Veranschaulichung<\/a><\/h2>\n\n\t\t\t\t<div class=\"su-post-meta\">\n\t\t\t\t\tVer\u00f6ffentlicht: 30. Mai 2015\t\t\t\t<\/div>\n\n\t\t\t\t<div class=\"su-post-excerpt\">\n\t\t\t\t\t<p>Vorwort: Dieser Text dient ausschlie\u00dflich zur Unterhaltung und soll nicht aussagen, dass alle Berufssch\u00fcler dieser Welt geistig benachteiligte Gesch\u00f6pfe sind, die von einer Qualle im Schach besiegt werden, weil sie die \u201eStartaufstellung\u201c der Figuren f\u00fcr zu defensiv halten. Nein, Spa\u00df beiseite. Ich war selbst Berufssch\u00fcler und habe die Dinge, die ich hier geschrieben habe, selbst [&hellip;]<\/p>\n\t\t\t\t<\/div>\n\n\t\t\t\t\t\t\t\t\t<a href=\"http:\/\/www.verdichtet.at\/?p=2706#respond\" class=\"su-post-comments-link\">0 Kommentare<\/a>\n\t\t\t\t\n\t\t\t<\/div>\n\n\t\t\t\t\t\n\t\t\t\n\t\t\t<div id=\"su-post-2697\" class=\"su-post \">\n\n\t\t\t\t\n\t\t\t\t<h2 class=\"su-post-title\"><a href=\"http:\/\/www.verdichtet.at\/?p=2697\">Schwedenplatzpartie<\/a><\/h2>\n\n\t\t\t\t<div class=\"su-post-meta\">\n\t\t\t\t\tVer\u00f6ffentlicht: 30. Mai 2015\t\t\t\t<\/div>\n\n\t\t\t\t<div class=\"su-post-excerpt\">\n\t\t\t\t\t<p>Ich sag dir gleich einmal vorweg, dass die Geschichte nicht spannend wird. Ja, du bist gemeint, der Leser. Wie soll sie auch spannend werden? Ich bin ein Jungautor, der glaubt, als Einziger zu wissen, was wirklich Sache ist und das der ganzen Welt mitteilen zu m\u00fcssen, weil alle anderen selbstverst\u00e4ndlich zu bl\u00f6d sind, um selbst [&hellip;]<\/p>\n\t\t\t\t<\/div>\n\n\t\t\t\t\t\t\t\t\t<a href=\"http:\/\/www.verdichtet.at\/?p=2697#respond\" class=\"su-post-comments-link\">0 Kommentare<\/a>\n\t\t\t\t\n\t\t\t<\/div>\n\n\t\t\t\t\t\n\t\t\t\n\t\t\t<div id=\"su-post-2693\" class=\"su-post \">\n\n\t\t\t\t\n\t\t\t\t<h2 class=\"su-post-title\"><a href=\"http:\/\/www.verdichtet.at\/?p=2693\">Einleitung zur Schwedenplatzpartie<\/a><\/h2>\n\n\t\t\t\t<div class=\"su-post-meta\">\n\t\t\t\t\tVer\u00f6ffentlicht: 30. Mai 2015\t\t\t\t<\/div>\n\n\t\t\t\t<div class=\"su-post-excerpt\">\n\t\t\t\t\t<p>Elefanten, alles nur nie mehr Elefanten. Die sind ja sowieso bl\u00f6d, merken sich alles und sind trotzdem gro\u00df und stark. Guter Anfang, gute Geschichte? Nein, glaub ich nicht. Selbst der beste Anfang der Welt kann mit viel K\u00f6nnen versaut werden und zu einem minderwertig billig kitschigen Buch, Film, Theaterst\u00fcck usw. werden. Viel interessanter ist das [&hellip;]<\/p>\n\t\t\t\t<\/div>\n\n\t\t\t\t\t\t\t\t\t<a href=\"http:\/\/www.verdichtet.at\/?p=2693#respond\" class=\"su-post-comments-link\">0 Kommentare<\/a>\n\t\t\t\t\n\t\t\t<\/div>\n\n\t\t\t\t\t\n\t\t\t\n\t\t\t<div id=\"su-post-2672\" class=\"su-post \">\n\n\t\t\t\t\n\t\t\t\t<h2 class=\"su-post-title\"><a href=\"http:\/\/www.verdichtet.at\/?p=2672\">Die Leiden des jungen EDV-Technikers 2<\/a><\/h2>\n\n\t\t\t\t<div class=\"su-post-meta\">\n\t\t\t\t\tVer\u00f6ffentlicht: 27. Mai 2015\t\t\t\t<\/div>\n\n\t\t\t\t<div class=\"su-post-excerpt\">\n\t\t\t\t\t<p>Zwei Tage sp\u00e4ter wurde M\u00fcller von einer sehr freundlich klingenden \u00e4lteren Dame kontaktiert: \u201eGuten Tag, Griesl mein Name. Ich habe ein riesengro\u00dfes Problem, und zwar mein Outlook l\u00e4sst sich nicht schlie\u00dfen und ich br\u00e4uchte doch so dringend ein anderes Programm zum Arbeiten. K\u00f6nnen Sie mir helfen?\u201c M\u00fcller: \u201eSeit wann ist das denn so und scheint [&hellip;]<\/p>\n\t\t\t\t<\/div>\n\n\t\t\t\t\t\t\t\t\t<a href=\"http:\/\/www.verdichtet.at\/?p=2672#respond\" class=\"su-post-comments-link\">0 Kommentare<\/a>\n\t\t\t\t\n\t\t\t<\/div>\n\n\t\t\t\t\t\n\t\t\t\n\t\t\t<div id=\"su-post-2670\" class=\"su-post \">\n\n\t\t\t\t\n\t\t\t\t<h2 class=\"su-post-title\"><a href=\"http:\/\/www.verdichtet.at\/?p=2670\">Die Leiden des jungen EDV-Technikers 1<\/a><\/h2>\n\n\t\t\t\t<div class=\"su-post-meta\">\n\t\t\t\t\tVer\u00f6ffentlicht: 27. Mai 2015\t\t\t\t<\/div>\n\n\t\t\t\t<div class=\"su-post-excerpt\">\n\t\t\t\t\t<p>Er war schon f\u00fcnf Jahre dabei und hat in der Richtung einiges erlebt, aber hier und da musste er noch innehalten und schlucken, um dem Gespr\u00e4chspartner nicht die M\u00f6glichkeit zu geben, mitzubekommen, was er sich gerade dachte. Das Telefon l\u00e4utete und mit einem Seufzer hob er ab: \u201eIT-Abteilung M\u00fcller, guten Tag. Wie kann ich Ihnen [&hellip;]<\/p>\n\t\t\t\t<\/div>\n\n\t\t\t\t\t\t\t\t\t<a href=\"http:\/\/www.verdichtet.at\/?p=2670#comments\" class=\"su-post-comments-link\">2 comments<\/a>\n\t\t\t\t\n\t\t\t<\/div>\n\n\t\t\t\t\t\n\t\t\t\n\t\t\t<div id=\"su-post-1113\" class=\"su-post \">\n\n\t\t\t\t\n\t\t\t\t<h2 class=\"su-post-title\"><a href=\"http:\/\/www.verdichtet.at\/?p=1113\">Und Stefan stieg in den Bus<\/a><\/h2>\n\n\t\t\t\t<div class=\"su-post-meta\">\n\t\t\t\t\tVer\u00f6ffentlicht: 24. M\u00e4rz 2014\t\t\t\t<\/div>\n\n\t\t\t\t<div class=\"su-post-excerpt\">\n\t\t\t\t\t<p>Und Stefan steigt in den Bus. Endlich entspannen! Die t\u00e4gliche Fahrt von seiner Firma nach Hause ist f\u00fcr ihn wie ein Ritual. Wie eine Meditation. \u00dcber eine Stunde hat er Zeit, der Realit\u00e4t zu entfliehen. Dieser Welt mit diesem st\u00e4ndig unter Strom stehenden Chef. Und diesen stupiden Arbeitskollegen mit ihren oberfl\u00e4chlichen Witzen. Er lacht nur [&hellip;]<\/p>\n\t\t\t\t<\/div>\n\n\t\t\t\t\t\t\t\t\t<a href=\"http:\/\/www.verdichtet.at\/?p=1113#respond\" class=\"su-post-comments-link\">0 Kommentare<\/a>\n\t\t\t\t\n\t\t\t<\/div>\n\n\t\t\n\t\n<\/div>\n\n","protected":false},"excerpt":{"rendered":"","protected":false},"author":4,"featured_media":0,"parent":405,"menu_order":0,"comment_status":"closed","ping_status":"closed","template":"","meta":{"footnotes":""},"class_list":["post-432","page","type-page","status-publish","hentry"],"_links":{"self":[{"href":"http:\/\/www.verdichtet.at\/index.php?rest_route=\/wp\/v2\/pages\/432","targetHints":{"allow":["GET"]}}],"collection":[{"href":"http:\/\/www.verdichtet.at\/index.php?rest_route=\/wp\/v2\/pages"}],"about":[{"href":"http:\/\/www.verdichtet.at\/index.php?rest_route=\/wp\/v2\/types\/page"}],"author":[{"embeddable":true,"href":"http:\/\/www.verdichtet.at\/index.php?rest_route=\/wp\/v2\/users\/4"}],"replies":[{"embeddable":true,"href":"http:\/\/www.verdichtet.at\/index.php?rest_route=%2Fwp%2Fv2%2Fcomments&post=432"}],"version-history":[{"count":2,"href":"http:\/\/www.verdichtet.at\/index.php?rest_route=\/wp\/v2\/pages\/432\/revisions"}],"predecessor-version":[{"id":1642,"href":"http:\/\/www.verdichtet.at\/index.php?rest_route=\/wp\/v2\/pages\/432\/revisions\/1642"}],"up":[{"embeddable":true,"href":"http:\/\/www.verdichtet.at\/index.php?rest_route=\/wp\/v2\/pages\/405"}],"wp:attachment":[{"href":"http:\/\/www.verdichtet.at\/index.php?rest_route=%2Fwp%2Fv2%2Fmedia&parent=432"}],"curies":[{"name":"wp","href":"https:\/\/api.w.org\/{rel}","templated":true}]}}